{"id":376,"date":"2021-05-20T02:08:49","date_gmt":"2021-05-20T02:08:49","guid":{"rendered":"http:\/\/z.commonsupport.com\/lebulid\/?page_id=376"},"modified":"2026-01-16T11:19:39","modified_gmt":"2026-01-16T06:19:39","slug":"about-us","status":"publish","type":"page","link":"https:\/\/turkmendemironumleri.com.tm\/index.php\/about-us\/","title":{"rendered":"BIZ BARADA"},"content":{"rendered":"\t\t<div data-elementor-type=\"wp-page\" data-elementor-id=\"376\" class=\"elementor elementor-376\" data-elementor-post-type=\"page\">\n\t\t\t\t\t\t<section class=\"elementor-section elementor-top-section elementor-element elementor-element-89b719c elementor-section-full_width elementor-section-stretched elementor-section-height-default elementor-section-height-default wpr-particle-no wpr-jarallax-no wpr-parallax-no wpr-sticky-section-no\" data-id=\"89b719c\" data-element_type=\"section\" data-settings=\"{&quot;stretch_section&quot;:&quot;section-stretched&quot;}\">\n\t\t\t\t\t\t<div class=\"elementor-container elementor-column-gap-no\">\n\t\t\t\t\t<div class=\"elementor-column elementor-col-100 elementor-top-column elementor-element elementor-element-a89828b\" data-id=\"a89828b\" data-element_type=\"column\">\n\t\t\t<div class=\"elementor-widget-wrap elementor-element-populated\">\n\t\t\t\t\t\t<div class=\"elementor-element elementor-element-dae07df elementor-widget elementor-widget-lebuild_h2_about\" data-id=\"dae07df\" data-element_type=\"widget\" data-widget_type=\"lebuild_h2_about.default\">\n\t\t\t\t<div class=\"elementor-widget-container\">\n\t\t\t        \n\t\t<section class=\"about-style2-area pdt120-pdb0 about-page\">\n\t\t\t<div class=\"container\">\n\t\t\t\t<div class=\"row\">\n\t\t\t\t\t<div class=\"col-xl-12\">\n\t\t\t\t\t\t<div class=\"about-style2-content-box text-right-rtl\">\n\t\t\t\t\t\t\t<div class=\"text-holder\">\n\t\t\t\t\t\t\t\t\t\t\t\t\t\t\t\t<div class=\"sec-title\">\n\t\t\t\t\t\t\t\t\t<div class=\"sub-title\">\n\t\t\t\t\t\t\t\t\t\t<h5>bIZ BARADA<\/h5>\n\t\t\t\t\t\t\t\t\t<\/div>\n\t\t\t\t\t\t\t\t\t<h2>BIZI\u0147 DEPGINLI I\u015eIMIZE 15 \u00ddYL<\/h2>\n\t\t\t\t\t\t\t\t<\/div>\n\t\t\t\t\t\t\t\t\t\t\t\t\t\t\t\t<div class=\"inner-content\">\n\t\t\t\t\t\t\t\t\t<h3>\u00abT\u00fcrkmendemir\u00f6n\u00fcmleri\u00bb D\u00f6wlet k\u00e4rhanasy demir\u00f6n\u00fcmlerine bolan \u00fdokary islegi kanagatlandyrmak \u00fc\u00e7in h\u00e4zirki d\u00f6w\u00fcrde netijeli i\u015fleri durmu\u015fa ge\u00e7ir\u00fd\u00e4r.<\/h3>\n\t\t\t\t\t\t\t\t\t<p>\u00abT\u00fcrkmendemir\u00f6n\u00fcmleri\u00bb D\u00f6wlet k\u00e4rhanasynda demir galyndylary sa\u00fdlanylyp \u201cElektropolaterediji\u201d sehinde eredilip, himiki go\u015fundylary go\u015fulyp himiki d\u00fcz\u00fcmi halkara standartlaryna la\u00fdyk getirilip, polat \u00fdarymta\u00fdyn\u00e7lary gu\u00fdul\u00fdar.<\/p>\n\t\t\t\t\t\t\t\t\t<ul class=\"bgclr1\">\n\t\t\t\t\t\t\t\t\t\t\t\t\t\t\t\t\t\t\t\t<li><span>15<\/span> \u00ddYL I\u015e TEJRIB\u00c4MIZ.<\/li>\n\t\t\t\t\t\t\t\t\t\t\t\t\t\t\t\t\t\t\t\t<li><span>+100<\/span> TASLAMA I\u015eLERI.<\/li>\n\t\t\t\t\t\t\t\t\t\t\t\t\t\t\t\t\t\t\t\t<li><span>+1000<\/span> AGZYBIR I\u015eG\u00c4RLEIMIZ.<\/li>\n\t\t\t\t\t\t\t\t\t\t\t\t\t\t\t\t\t\t\t<\/ul>\n\t\t\t\t\t\t\t\t<\/div> \n\t\t\t\t\t\t\t<\/div> \n\t\t\t\t\t\t\t<div class=\"img-box\">\n\t\t\t\t\t\t\t\t<div class=\"main_image\">\n\t\t\t\t\t\t\t\t\t<div class=\"inner wow slideInRight\" data-wow-delay=\"0ms\" data-wow-duration=\"1500ms\">\n\t\t\t\t\t\t\t\t\t\t\t\t\t\t\t\t\t\t\t\t<img decoding=\"async\" src=\"https:\/\/turkmendemironumleri.com.tm\/wp-content\/uploads\/2024\/07\/myragy00001400.jpg\" alt=\"\"\/>\n\t\t\t\t\t\t\t\t\t\t\t\t\t\t\t\t\t\t\t<\/div>\n\t\t\t\t\t\t\t\t\t<div class=\"image_2 wow slideInDown\" data-wow-delay=\"400ms\" data-wow-duration=\"1500ms\">\n\t\t\t\t\t\t\t\t\t\t\t\t\t\t\t\t\t\t\t\t<img decoding=\"async\" src=\"https:\/\/turkmendemironumleri.com.tm\/wp-content\/uploads\/2021\/09\/circle-one.png\" alt=\"\"\/>\n\t\t\t\t\t\t\t\t\t\t\t\t\t\t\t\t\t\t\t<\/div>\n\t\t\t\t\t\t\t\t\t<div class=\"image_3 wow slideInDown\" data-wow-delay=\"200ms\" data-wow-duration=\"1500ms\">\n\t\t\t\t\t\t\t\t\t\t\t\t\t\t\t\t\t\t\t\t<img decoding=\"async\" src=\"https:\/\/turkmendemironumleri.com.tm\/wp-content\/uploads\/2024\/07\/991a0198-d5ff-47a4-8dfa-39cbb0f4b436.jpg\" alt=\"\"\/>\n\t\t\t\t\t\t\t\t\t\t\t\t\t\t\t\t\t\t\t<\/div>\n\n\t\t\t\t\t\t\t\t\t<div class=\"image_4 wow slideInUp\" data-wow-delay=\"200ms\" data-wow-duration=\"1500ms\">\n\t\t\t\t\t\t\t\t\t\t\t\t\t\t\t\t\t\t\t\t<img decoding=\"async\" src=\"https:\/\/turkmendemironumleri.com.tm\/wp-content\/uploads\/2024\/07\/e4ddfe9ded0edb8fb970717f6776ee3b.jpeg\" alt=\"\"\/>\n\t\t\t\t\t\t\t\t\t\t\t\t\t\t\t\t\t\t\t<\/div>\n\t\t\t\t\t\t\t\t\t<div class=\"image_5 wow slideInUp\" data-wow-delay=\"400ms\" data-wow-duration=\"1500ms\">\n\t\t\t\t\t\t\t\t\t\t\t\t\t\t\t\t\t\t\t\t<div class=\"noimage\"><\/div>\n\t\t\t\t\t\t\t\t\t\t\t\t\t\t\t\t\t\t\t<\/div>\n\n\t\t\t\t\t\t\t\t<\/div>\n\t\t\t\t\t\t\t<\/div> \n\t\t\t\t\t\t<\/div>    \n\t\t\t\t\t<\/div>\n\t\t\t\t\t\n\t\t\t\t<\/div>\n\t\t\t<\/div>\n\t\t<\/section>\n             \n\t\t\t\t<\/div>\n\t\t\t\t<\/div>\n\t\t\t\t\t<\/div>\n\t\t<\/div>\n\t\t\t\t\t<\/div>\n\t\t<\/section>\n\t\t\t\t<section class=\"elementor-section elementor-top-section elementor-element elementor-element-723e278 elementor-section-full_width elementor-section-height-default elementor-section-height-default wpr-particle-no wpr-jarallax-no wpr-parallax-no wpr-sticky-section-no\" data-id=\"723e278\" data-element_type=\"section\">\n\t\t\t\t\t\t<div class=\"elementor-container elementor-column-gap-no\">\n\t\t\t\t\t<div class=\"elementor-column elementor-col-100 elementor-top-column elementor-element elementor-element-8b10df3\" data-id=\"8b10df3\" data-element_type=\"column\">\n\t\t\t<div class=\"elementor-widget-wrap elementor-element-populated\">\n\t\t\t\t\t\t<div class=\"elementor-element elementor-element-68a6bf2 elementor-widget elementor-widget-lebuild_h4_video\" data-id=\"68a6bf2\" data-element_type=\"widget\" data-widget_type=\"lebuild_h4_video.default\">\n\t\t\t\t<div class=\"elementor-widget-container\">\n\t\t\t        \n\t\t\t\t<section class=\"video-gallery-area \" style=\"background-image: url(https:\/\/turkmendemironumleri.com.tm\/wp-content\/uploads\/2024\/07\/myragy00001400.jpg);\">\n\t\t\t\t\n\t\t\t<div class=\"container-fullwidth\">\n\t\t\t\t<div class=\"row\">\n\t\t\t\t\t<div class=\"col-xl-12\">\n\t\t\t\t\t\t<div class=\"video-holder-box text-center\">\n\t\t\t\t\t\t\t<div class=\"icon wow zoomIn\" data-wow-delay=\"300ms\" data-wow-duration=\"1500ms\">\n\t\t\t\t\t\t\t\t<a class=\"video-popup\" title=\"CarePress Video Gallery\" href=\"#\">\n\t\t\t\t\t\t\t\t\t<span class=\"flaticon-play-button-1\"><\/span>\n\t\t\t\t\t\t\t\t<\/a>\n\t\t\t\t\t\t\t<\/div>\n\t\t\t\t\t\t\t<h2><\/h2>\n\t\t\t\t\t\t<\/div>    \n\t\t\t\t\t<\/div>\n\t\t\t\t\t\n\t\t\t\t<\/div>\n\t\t\t<\/div>\n\t\t<\/section>\n             \n\t\t\t\t<\/div>\n\t\t\t\t<\/div>\n\t\t\t\t\t<\/div>\n\t\t<\/div>\n\t\t\t\t\t<\/div>\n\t\t<\/section>\n\t\t\t\t<\/div>\n\t\t","protected":false},"excerpt":{"rendered":"<p>bIZ BARADA BIZI\u0147 DEPGINLI I\u015eIMIZE 15 \u00ddYL \u00abT\u00fcrkmendemir\u00f6n\u00fcmleri\u00bb D\u00f6wlet k\u00e4rhanasy demir\u00f6n\u00fcmlerine bolan \u00fdokary islegi kanagatlandyrmak \u00fc\u00e7in h\u00e4zirki d\u00f6w\u00fcrde netijeli i\u015fleri durmu\u015fa ge\u00e7ir\u00fd\u00e4r. \u00abT\u00fcrkmendemir\u00f6n\u00fcmleri\u00bb D\u00f6wlet k\u00e4rhanasynda demir galyndylary sa\u00fdlanylyp \u201cElektropolaterediji\u201d sehinde eredilip, himiki go\u015fundylary go\u015fulyp himiki d\u00fcz\u00fcmi halkara standartlaryna la\u00fdyk getirilip, polat \u00fdarymta\u00fdyn\u00e7lary gu\u00fdul\u00fdar. 15 \u00ddYL I\u015e TEJRIB\u00c4MIZ. +100 TASLAMA I\u015eLERI. +1000 AGZYBIR I\u015eG\u00c4RLEIMIZ.<\/p>\n","protected":false},"author":1,"featured_media":0,"parent":0,"menu_order":0,"comment_status":"closed","ping_status":"closed","template":"tpl-default-elementor.php","meta":{"footnotes":""},"_links":{"self":[{"href":"https:\/\/turkmendemironumleri.com.tm\/index.php\/wp-json\/wp\/v2\/pages\/376"}],"collection":[{"href":"https:\/\/turkmendemironumleri.com.tm\/index.php\/wp-json\/wp\/v2\/pages"}],"about":[{"href":"https:\/\/turkmendemironumleri.com.tm\/index.php\/wp-json\/wp\/v2\/types\/page"}],"author":[{"embeddable":true,"href":"https:\/\/turkmendemironumleri.com.tm\/index.php\/wp-json\/wp\/v2\/users\/1"}],"replies":[{"embeddable":true,"href":"https:\/\/turkmendemironumleri.com.tm\/index.php\/wp-json\/wp\/v2\/comments?post=376"}],"version-history":[{"count":18,"href":"https:\/\/turkmendemironumleri.com.tm\/index.php\/wp-json\/wp\/v2\/pages\/376\/revisions"}],"predecessor-version":[{"id":3692,"href":"https:\/\/turkmendemironumleri.com.tm\/index.php\/wp-json\/wp\/v2\/pages\/376\/revisions\/3692"}],"wp:attachment":[{"href":"https:\/\/turkmendemironumleri.com.tm\/index.php\/wp-json\/wp\/v2\/media?parent=376"}],"curies":[{"name":"wp","href":"https:\/\/api.w.org\/{rel}","templated":true}]}}